{"id":3612,"date":"2025-12-25T15:36:48","date_gmt":"2025-12-25T15:36:48","guid":{"rendered":"https:\/\/gruposiwei.com\/about\/"},"modified":"2026-03-17T14:16:54","modified_gmt":"2026-03-17T14:16:54","slug":"about","status":"publish","type":"page","link":"https:\/\/gruposiwei.com\/zh\/about\/","title":{"rendered":"About"},"content":{"rendered":"<div class=\"wp-block-uagb-container uagb-block-35459231 alignfull uagb-is-root-container\"><div class=\"uagb-container__video-wrap\"><video autoplay loop muted playsinline><source src=\"https:\/\/gruposiwei.com\/wp-content\/uploads\/2025\/12\/\u89c6\u9891-1.mp4\" type=\"video\/mp4\"\/><\/video><\/div><div class=\"uagb-container-inner-blocks-wrap\"><\/div><\/div>\n\n\n\n<div class=\"wp-block-uagb-container uagb-block-96eb9c65 alignfull uagb-is-root-container\"><div class=\"uagb-container-inner-blocks-wrap\">\n<div class=\"wp-block-uagb-image aligncenter uagb-block-c1d734b6 wp-block-uagb-image--layout-default wp-block-uagb-image--effect-static wp-block-uagb-image--align-center\"><figure class=\"wp-block-uagb-image__figure\"><img decoding=\"async\" srcset=\"https:\/\/gruposiwei.com\/wp-content\/uploads\/2025\/12\/cropped-logo-1-scaled-1.png ,https:\/\/gruposiwei.com\/wp-content\/uploads\/2025\/12\/cropped-logo-1-scaled-1.png 780w, https:\/\/gruposiwei.com\/wp-content\/uploads\/2025\/12\/cropped-logo-1-scaled-1.png 360w\" sizes=\"auto, (max-width: 480px) 150px\" src=\"https:\/\/gruposiwei.com\/wp-content\/uploads\/2025\/12\/cropped-logo-1-scaled-1.png\" alt=\"\" class=\"uag-image-5626\" width=\"2558\" height=\"854\" title=\"logo-1\" loading=\"lazy\" role=\"img\"\/><\/figure><\/div>\n<\/div><\/div>\n\n\n\n<div class=\"wp-block-uagb-container uagb-layout-grid uagb-block-31a3d8e8 alignfull uagb-is-root-container\"><div class=\"uagb-container-inner-blocks-wrap\">\n<div class=\"wp-block-uagb-advanced-heading uagb-block-ad1bed66\"><h2 class=\"uagb-heading-text\">\u6211\u4eec\u662f\u8c01?<\/h2><p class=\"uagb-desc-text\">\u6211\u4eec\u662f\u4e00\u5bb6\u4ee5\u8bbe\u8ba1\u4e3a\u5bfc\u5411\u7684\u5168\u65b9\u4f4d\u670d\u52a1\u516c\u53f8,<br>\u4e13\u6ce8\u4e8e\u54c1\u724c\u5f62\u8c61\u548c\u7a7a\u95f4\u5448\u73b0<br>\u4ee5\u53ca\u5e94\u7528\u5546\u4e1a\u89e3\u51b3\u65b9\u6848\u3002<br>\u6211\u4eec\u7684\u56e2\u961f\u7531\u8bbe\u8ba1\u548c\u6267\u884c\u4e13\u4e1a\u4eba\u5458\u7ec4\u6210\uff0c<br>\u59cb\u7ec8\u9075\u5faa<br><strong>\u8bbe\u8ba1\u5e94\u670d\u52a1\u4e8e\u54c1\u724c\u4ef7\u503c\u7684\u539f\u5219\u3002<\/strong>.<br>\u6211\u4eec\u63d0\u4f9b\u517c\u5177\u7f8e\u89c2\u3001\u529f\u80fd\u6027\u548c\u5b9e\u7528\u6027\u7684\u7efc\u5408\u89e3\u51b3\u65b9\u6848\u3002<br>\u4e0e\u4f20\u7edf\u8bbe\u8ba1\u5de5\u4f5c\u5ba4\u4e0d\u540c\uff0c<br>\u6211\u4eec\u62e5\u6709\u81ea\u5df1\u7684\u5382\u623f\u548c\u751f\u4ea7\u80fd\u529b\uff0c<br>\u8fd9\u4f7f\u6211\u4eec\u80fd\u591f\u63d0\u4f9b\u5168\u65b9\u4f4d\u7684\u670d\u52a1\u3002<br>\u4ece\u521b\u610f\u6784\u601d\u5230\u6700\u7ec8\u751f\u4ea7\uff0c<br>\u51cf\u5c11\u4e2d\u95f4\u73af\u8282\uff0c\u786e\u4fdd\u66f4\u9ad8\u6548\u3001\u66f4\u53ef\u63a7\u7684\u6267\u884c<\/p><\/div>\n\n\n\n<div class=\"wp-block-uagb-image uagb-block-bc8225a8 wp-block-uagb-image--layout-default wp-block-uagb-image--effect-static wp-block-uagb-image--align-none\"><figure class=\"wp-block-uagb-image__figure\"><img decoding=\"async\" srcset=\"https:\/\/gruposiwei.com\/wp-content\/uploads\/2020\/01\/banner-01.jpg , https:\/\/gruposiwei.com\/wp-content\/uploads\/2020\/01\/banner-01.jpg 360w\" sizes=\"auto, (max-width: 480px) 150px\" src=\"https:\/\/gruposiwei.com\/wp-content\/uploads\/2020\/01\/banner-01.jpg\" alt=\"\" class=\"uag-image-3007\" width=\"580\" height=\"399\" title=\"\" loading=\"lazy\" role=\"img\"\/><\/figure><\/div>\n<\/div><\/div>\n\n\n\n<div class=\"wp-block-uagb-container uagb-block-8632bd39 alignfull uagb-is-root-container\"><div class=\"uagb-container-inner-blocks-wrap\">\n<div class=\"wp-block-uagb-container uagb-block-ea3f452a\">\n<div class=\"wp-block-uagb-image aligncenter uagb-block-757d9965 wp-block-uagb-image--layout-default wp-block-uagb-image--effect-static wp-block-uagb-image--align-center\"><figure class=\"wp-block-uagb-image__figure\"><img decoding=\"async\" srcset=\"https:\/\/gruposiwei.com\/wp-content\/uploads\/2020\/01\/image-02.jpg ,https:\/\/gruposiwei.com\/wp-content\/uploads\/2020\/01\/image-02.jpg 780w, https:\/\/gruposiwei.com\/wp-content\/uploads\/2020\/01\/image-02.jpg 360w\" sizes=\"auto, (max-width: 480px) 150px\" src=\"https:\/\/gruposiwei.com\/wp-content\/uploads\/2020\/01\/image-02.jpg\" alt=\"\" class=\"uag-image-3010\" width=\"450\" height=\"500\" title=\"\" loading=\"lazy\" role=\"img\"\/><\/figure><\/div>\n\n\n\n<div class=\"wp-block-uagb-advanced-heading uagb-block-8cb089b3\"><h2 class=\"uagb-heading-text\">\u6211\u4eec\u7684\u670d\u52a1<\/h2><\/div>\n<\/div>\n\n\n\n<div class=\"wp-block-uagb-container uagb-block-af9e60aa\">\n<div class=\"wp-block-uagb-advanced-heading uagb-block-91bed435\"><h4 class=\"uagb-heading-text\">\u76d1\u63a7\u548c\u5b89\u9632\u7cfb\u7edf<\/h4><\/div>\n\n\n\n<div class=\"wp-block-uagb-advanced-heading uagb-block-7da683af\"><h4 class=\"uagb-heading-text\">\u62db\u724c\u3001\u706f\u7bb1\u548c\u6237\u5916\u6807\u724c<\/h4><\/div>\n\n\n\n<div class=\"wp-block-uagb-advanced-heading uagb-block-0927fd28\"><h4 class=\"uagb-heading-text\">\u83dc\u5355\u548c\u5ba4\u5185\u88c5\u9970<\/h4><\/div>\n\n\n\n<div class=\"wp-block-uagb-container uagb-block-7c6da67f\">\n<div class=\"wp-block-uagb-icon-list uagb-block-2b54d6f5\"><div class=\"uagb-icon-list__wrap\">\n<div class=\"wp-block-uagb-icon-list-child uagb-block-d7828eda\"><a target=\"_self\" aria-label=\"\u5e7f\u544a\" rel=\"noopener noreferrer\" href=\"#\"> <\/a><span class=\"uagb-icon-list__source-wrap\"><svg xmlns=\"https:\/\/www.w3.org\/2000\/svg\" viewbox=\"0 0 512 512\"><path d=\"M0 256C0 114.6 114.6 0 256 0C397.4 0 512 114.6 512 256C512 397.4 397.4 512 256 512C114.6 512 0 397.4 0 256zM371.8 211.8C382.7 200.9 382.7 183.1 371.8 172.2C360.9 161.3 343.1 161.3 332.2 172.2L224 280.4L179.8 236.2C168.9 225.3 151.1 225.3 140.2 236.2C129.3 247.1 129.3 264.9 140.2 275.8L204.2 339.8C215.1 350.7 232.9 350.7 243.8 339.8L371.8 211.8z\"><\/path><\/svg><\/span><span class=\"uagb-icon-list__label\">\u5e7f\u544a<\/span><\/div>\n\n\n\n<div class=\"wp-block-uagb-icon-list-child uagb-block-f10f4e46\"><a target=\"_self\" aria-label=\"\u5b89\u9632\" rel=\"noopener noreferrer\" href=\"#\"> <\/a><span class=\"uagb-icon-list__source-wrap\"><svg xmlns=\"https:\/\/www.w3.org\/2000\/svg\" viewbox=\"0 0 512 512\"><path d=\"M0 256C0 114.6 114.6 0 256 0C397.4 0 512 114.6 512 256C512 397.4 397.4 512 256 512C114.6 512 0 397.4 0 256zM371.8 211.8C382.7 200.9 382.7 183.1 371.8 172.2C360.9 161.3 343.1 161.3 332.2 172.2L224 280.4L179.8 236.2C168.9 225.3 151.1 225.3 140.2 236.2C129.3 247.1 129.3 264.9 140.2 275.8L204.2 339.8C215.1 350.7 232.9 350.7 243.8 339.8L371.8 211.8z\"><\/path><\/svg><\/span><span class=\"uagb-icon-list__label\">\u5b89\u9632<\/span><\/div>\n\n\n\n<div class=\"wp-block-uagb-icon-list-child uagb-block-c59a9a2b\"><a target=\"_self\" aria-label=\"\u6536\u94f6\" rel=\"noopener noreferrer\" href=\"#\"> <\/a><span class=\"uagb-icon-list__source-wrap\"><svg xmlns=\"https:\/\/www.w3.org\/2000\/svg\" viewbox=\"0 0 512 512\"><path d=\"M0 256C0 114.6 114.6 0 256 0C397.4 0 512 114.6 512 256C512 397.4 397.4 512 256 512C114.6 512 0 397.4 0 256zM371.8 211.8C382.7 200.9 382.7 183.1 371.8 172.2C360.9 161.3 343.1 161.3 332.2 172.2L224 280.4L179.8 236.2C168.9 225.3 151.1 225.3 140.2 236.2C129.3 247.1 129.3 264.9 140.2 275.8L204.2 339.8C215.1 350.7 232.9 350.7 243.8 339.8L371.8 211.8z\"><\/path><\/svg><\/span><span class=\"uagb-icon-list__label\">\u6536\u94f6<\/span><\/div>\n<\/div><\/div>\n\n\n\n<div class=\"wp-block-uagb-icon-list uagb-block-0426e0e5\"><div class=\"uagb-icon-list__wrap\">\n<div class=\"wp-block-uagb-icon-list-child uagb-block-0f2b4b41\"><a target=\"_self\" aria-label=\"\u83dc\u5355\" rel=\"noopener noreferrer\" href=\"#\"> <\/a><span class=\"uagb-icon-list__source-wrap\"><svg xmlns=\"https:\/\/www.w3.org\/2000\/svg\" viewbox=\"0 0 512 512\"><path d=\"M0 256C0 114.6 114.6 0 256 0C397.4 0 512 114.6 512 256C512 397.4 397.4 512 256 512C114.6 512 0 397.4 0 256zM371.8 211.8C382.7 200.9 382.7 183.1 371.8 172.2C360.9 161.3 343.1 161.3 332.2 172.2L224 280.4L179.8 236.2C168.9 225.3 151.1 225.3 140.2 236.2C129.3 247.1 129.3 264.9 140.2 275.8L204.2 339.8C215.1 350.7 232.9 350.7 243.8 339.8L371.8 211.8z\"><\/path><\/svg><\/span><span class=\"uagb-icon-list__label\">\u83dc\u5355<\/span><\/div>\n\n\n\n<div class=\"wp-block-uagb-icon-list-child uagb-block-321a71ad\"><a target=\"_self\" aria-label=\"\u5f31\u7535\u5de5\u7a0b\" rel=\"noopener noreferrer\" href=\"#\"> <\/a><span class=\"uagb-icon-list__source-wrap\"><svg xmlns=\"https:\/\/www.w3.org\/2000\/svg\" viewbox=\"0 0 512 512\"><path d=\"M0 256C0 114.6 114.6 0 256 0C397.4 0 512 114.6 512 256C512 397.4 397.4 512 256 512C114.6 512 0 397.4 0 256zM371.8 211.8C382.7 200.9 382.7 183.1 371.8 172.2C360.9 161.3 343.1 161.3 332.2 172.2L224 280.4L179.8 236.2C168.9 225.3 151.1 225.3 140.2 236.2C129.3 247.1 129.3 264.9 140.2 275.8L204.2 339.8C215.1 350.7 232.9 350.7 243.8 339.8L371.8 211.8z\"><\/path><\/svg><\/span><span class=\"uagb-icon-list__label\">\u5f31\u7535\u5de5\u7a0b<\/span><\/div>\n<\/div><\/div>\n<\/div>\n\n\n\n<div class=\"wp-block-uagb-buttons uagb-buttons__outer-wrap uagb-btn__default-btn uagb-btn-tablet__default-btn uagb-btn-mobile__default-btn uagb-block-9f48e03c\"><div class=\"uagb-buttons__wrap uagb-buttons-layout-wrap\">\n<div class=\"wp-block-uagb-buttons-child uagb-buttons__outer-wrap uagb-block-21f702fb wp-block-button\"><div class=\"uagb-button__wrapper\"><a class=\"uagb-buttons-repeater wp-block-button__link\" aria-label=\"\" href=\"https:\/\/gruposiwei.com\/zh\/contact\/\" rel=\"follow noopener\" target=\"_self\" role=\"button\"><span class=\"uagb-button__icon uagb-button__icon-position-before\"><svg xmlns=\"https:\/\/www.w3.org\/2000\/svg\" viewbox=\"0 0 512 512\" aria-hidden=\"true\" focussable=\"false\"><path d=\"M511.2 387l-23.25 100.8c-3.266 14.25-15.79 24.22-30.46 24.22C205.2 512 0 306.8 0 54.5c0-14.66 9.969-27.2 24.22-30.45l100.8-23.25C139.7-2.602 154.7 5.018 160.8 18.92l46.52 108.5c5.438 12.78 1.77 27.67-8.98 36.45L144.5 207.1c33.98 69.22 90.26 125.5 159.5 159.5l44.08-53.8c8.688-10.78 23.69-14.51 36.47-8.975l108.5 46.51C506.1 357.2 514.6 372.4 511.2 387z\"><\/path><\/svg><\/span><div class=\"uagb-button__link\">\u8054\u7cfb\u6211\u4eec\uff01<\/div><\/a><\/div><\/div>\n<\/div><\/div>\n<\/div>\n<\/div><\/div>\n\n\n\n<div class=\"wp-block-uagb-container uagb-layout-flex uagb-block-3955b463 alignfull uagb-is-root-container\"><div class=\"uagb-container-inner-blocks-wrap\">\n<div class=\"wp-block-uagb-container uagb-block-cca1869c\">\n<div class=\"wp-block-uagb-advanced-heading uagb-block-e73b0e2c\"><h4 class=\"uagb-heading-text\">\u6211\u4eec\u7528\u6570\u636e\u8bf4\u8bdd\uff01<\/h4><\/div>\n<\/div>\n\n\n\n<div class=\"wp-block-uagb-container uagb-layout-grid uagb-block-20044fad\">\n<div class=\"wp-block-uagb-counter uagb-block-2f1ec392 wp-block-uagb-counter--number\"><div class=\"wp-block-uagb-counter__number\"><span class=\"uagb-counter-block-number\" data-duration=\"1.5\" data-to-value=\"3000\" data-from-value=\"1500\" data-delimiter=\",\"><\/span><span class=\"uagb-counter-block-suffix\">+<\/span><\/div><div class=\"wp-block-uagb-counter__title\">\u5b8c\u6210\u9879\u76ee<\/div><\/div>\n\n\n\n<div class=\"wp-block-uagb-counter uagb-block-7f3a55d8 wp-block-uagb-counter--number\"><div class=\"wp-block-uagb-counter__number\"><span class=\"uagb-counter-block-number\" data-duration=\"1.5\" data-to-value=\"8\" data-from-value=\"0\" data-delimiter=\",\"><\/span><span class=\"uagb-counter-block-suffix\">+<\/span><\/div><div class=\"wp-block-uagb-counter__title\">\u5e74\u4ee5\u4e0a\u7ecf\u9a8c<\/div><\/div>\n\n\n\n<div class=\"wp-block-uagb-counter uagb-block-49925b7e wp-block-uagb-counter--number\"><div class=\"wp-block-uagb-counter__number\"><span class=\"uagb-counter-block-number\" data-duration=\"1.5\" data-to-value=\"30\" data-from-value=\"0\" data-delimiter=\",\"><\/span><span class=\"uagb-counter-block-suffix\">+<\/span><\/div><div class=\"wp-block-uagb-counter__title\">\u4ea7\u54c1\u7c7b\u522b<\/div><\/div>\n<\/div>\n<\/div><\/div>\n\n\n\n<div class=\"wp-block-uagb-container uagb-block-fee474fb alignfull uagb-is-root-container\"><div class=\"uagb-container-inner-blocks-wrap\"><\/div><\/div>\n\n\n\n<p><\/p>","protected":false},"excerpt":{"rendered":"<p>Qui\u00e9nes somos ? Somos una empresa de servicios integrales impulsada por el dise\u00f1o,especializada en imagen de marca, presentaci\u00f3n espacialy soluciones comerciales aplicadas.Nuestro equipo est\u00e1 formado por profesionales del dise\u00f1o y la ejecuci\u00f3n,siempre guiados por el principio de queel dise\u00f1o debe estar al servicio del valor de marca.Ofrecemos soluciones globales que combinan est\u00e9tica, funcionalidad y viabilidad.A [&hellip;]<\/p>","protected":false},"author":1,"featured_media":0,"parent":0,"menu_order":0,"comment_status":"closed","ping_status":"closed","template":"","meta":{"_uag_custom_page_level_css":"","site-sidebar-layout":"no-sidebar","site-content-layout":"plain-container","ast-site-content-layout":"full-width-container","site-content-style":"unboxed","site-sidebar-style":"unboxed","ast-global-header-display":"","ast-banner-title-visibility":"","ast-main-header-display":"","ast-hfb-above-header-display":"","ast-hfb-below-header-display":"","ast-hfb-mobile-header-display":"","site-post-title":"disabled","ast-breadcrumbs-content":"","ast-featured-img":"disabled","footer-sml-layout":"","ast-disable-related-posts":"","theme-transparent-header-meta":"enabled","adv-header-id-meta":"","stick-header-meta":"","header-above-stick-meta":"","header-main-stick-meta":"","header-below-stick-meta":"","astra-migrate-meta-layouts":"set","ast-page-background-enabled":"default","ast-page-background-meta":{"desktop":{"background-color":"","background-image":"","background-repeat":"repeat","background-position":"center center","background-size":"auto","background-attachment":"scroll","background-type":"","background-media":"","overlay-type":"","overlay-color":"","overlay-opacity":"","overlay-gradient":""},"tablet":{"background-color":"","background-image":"","background-repeat":"repeat","background-position":"center center","background-size":"auto","background-attachment":"scroll","background-type":"","background-media":"","overlay-type":"","overlay-color":"","overlay-opacity":"","overlay-gradient":""},"mobile":{"background-color":"","background-image":"","background-repeat":"repeat","background-position":"center center","background-size":"auto","background-attachment":"scroll","background-type":"","background-media":"","overlay-type":"","overlay-color":"","overlay-opacity":"","overlay-gradient":""}},"ast-content-background-meta":{"desktop":{"background-color":"var(--ast-global-color-5)","background-image":"","background-repeat":"repeat","background-position":"center center","background-size":"auto","background-attachment":"scroll","background-type":"","background-media":"","overlay-type":"","overlay-color":"","overlay-opacity":"","overlay-gradient":""},"tablet":{"background-color":"var(--ast-global-color-5)","background-image":"","background-repeat":"repeat","background-position":"center center","background-size":"auto","background-attachment":"scroll","background-type":"","background-media":"","overlay-type":"","overlay-color":"","overlay-opacity":"","overlay-gradient":""},"mobile":{"background-color":"var(--ast-global-color-5)","background-image":"","background-repeat":"repeat","background-position":"center center","background-size":"auto","background-attachment":"scroll","background-type":"","background-media":"","overlay-type":"","overlay-color":"","overlay-opacity":"","overlay-gradient":""}},"footnotes":""},"class_list":["post-3612","page","type-page","status-publish","hentry"],"_hostinger_reach_plugin_has_subscription_block":false,"_hostinger_reach_plugin_is_elementor":false,"uagb_featured_image_src":{"full":false,"thumbnail":false,"medium":false,"medium_large":false,"large":false,"1536x1536":false,"2048x2048":false,"trp-custom-language-flag":false,"woocommerce_thumbnail":false,"woocommerce_single":false,"woocommerce_gallery_thumbnail":false},"uagb_author_info":{"display_name":"siweijianghangfeng@gmail.com","author_link":"https:\/\/gruposiwei.com\/zh\/author\/siweijianghangfenggmail-com\/"},"uagb_comment_info":0,"uagb_excerpt":"Qui\u00e9nes somos ? Somos una empresa de servicios integrales impulsada por el dise\u00f1o,especializada en imagen de marca, presentaci\u00f3n espacialy soluciones comerciales aplicadas.Nuestro equipo est\u00e1 formado por profesionales del dise\u00f1o y la ejecuci\u00f3n,siempre guiados por el principio de queel dise\u00f1o debe estar al servicio del valor de marca.Ofrecemos soluciones globales que combinan est\u00e9tica, funcionalidad y viabilidad.A&hellip;","_links":{"self":[{"href":"https:\/\/gruposiwei.com\/zh\/wp-json\/wp\/v2\/pages\/3612","targetHints":{"allow":["GET"]}}],"collection":[{"href":"https:\/\/gruposiwei.com\/zh\/wp-json\/wp\/v2\/pages"}],"about":[{"href":"https:\/\/gruposiwei.com\/zh\/wp-json\/wp\/v2\/types\/page"}],"author":[{"embeddable":true,"href":"https:\/\/gruposiwei.com\/zh\/wp-json\/wp\/v2\/users\/1"}],"replies":[{"embeddable":true,"href":"https:\/\/gruposiwei.com\/zh\/wp-json\/wp\/v2\/comments?post=3612"}],"version-history":[{"count":8,"href":"https:\/\/gruposiwei.com\/zh\/wp-json\/wp\/v2\/pages\/3612\/revisions"}],"predecessor-version":[{"id":5703,"href":"https:\/\/gruposiwei.com\/zh\/wp-json\/wp\/v2\/pages\/3612\/revisions\/5703"}],"wp:attachment":[{"href":"https:\/\/gruposiwei.com\/zh\/wp-json\/wp\/v2\/media?parent=3612"}],"curies":[{"name":"wp","href":"https:\/\/api.w.org\/{rel}","templated":true}]}}